{"id":2321,"date":"2015-11-20T11:33:34","date_gmt":"2015-11-20T10:33:34","guid":{"rendered":"http:\/\/offbeat-studio.de\/en\/?page_id=2321"},"modified":"2020-08-05T14:46:09","modified_gmt":"2020-08-05T12:46:09","slug":"dramaromantic-comedy","status":"publish","type":"page","link":"https:\/\/offbeat-studio.de\/en\/compositions\/dramaromantic-comedy\/","title":{"rendered":"Drama\/Romantic Comedy"},"content":{"rendered":"\t\t\r\n\t\t<!-- Begin Video.js Responsive Wrapper -->\r\n\t\t<div style='max-width:560px'>\r\n\t\t\t<div class='video-wrapper' style='padding-bottom:56.25%;'>\r\n\t\t\t\t\r\n\t<!-- Begin Video.js -->\r\n\t<video id=\"example_video_id_1868555112\" class=\"video-js vjs-default-skin\" width=\"560\" height=\"315\" poster=\"https:\/\/offbeat-studio.de\/wp-content\/uploads\/2018\/09\/leberkaeseland.png\" controls preload=\"auto\" data-setup='{\"forceSSL\":\"true\",\"techOrder\":[\"youtube\"],\"src\":\"https:\/\/youtu.be\/iqlmmy1taz4\"}'>\r\n\t\t\r\n\t\t\r\n\t\t\r\n\t<\/video>\r\n\t<!-- End Video.js -->\r\n\r\n\t\t\t<\/div>\r\n\t\t<\/div>\r\n\t\t<!-- End Video.js Responsive Wrapper -->\r\n\t\t\n<h5>LEBERK\u00c4SELAND<\/h5>\n\t\t\r\n\t\t<!-- Begin Video.js Responsive Wrapper -->\r\n\t\t<div style='max-width:560px'>\r\n\t\t\t<div class='video-wrapper' style='padding-bottom:56.25%;'>\r\n\t\t\t\t\r\n\t<!-- Begin Video.js -->\r\n\t<video id=\"example_video_id_375061258\" class=\"video-js vjs-default-skin\" width=\"560\" height=\"315\" poster=\"http:\/\/test.schmolzeundkuehn.de\/haddeby\/wp-content\/uploads\/2015\/11\/kaefig.png\" controls preload=\"auto\" data-setup='{\"forceSSL\":\"true\",\"techOrder\":[\"youtube\"],\"src\":\"https:\/\/youtu.be\/BD3DjiUIcx0\"}'>\r\n\t\t\r\n\t\t\r\n\t\t\r\n\t<\/video>\r\n\t<!-- End Video.js -->\r\n\r\n\t\t\t<\/div>\r\n\t\t<\/div>\r\n\t\t<!-- End Video.js Responsive Wrapper -->\r\n\t\t\n<h5>EIN OFFENER K\u00c4FIG<\/h5>\n\t\t\r\n\t\t<!-- Begin Video.js Responsive Wrapper -->\r\n\t\t<div style='max-width:560px'>\r\n\t\t\t<div class='video-wrapper' style='padding-bottom:56.25%;'>\r\n\t\t\t\t\r\n\t<!-- Begin Video.js -->\r\n\t<video id=\"example_video_id_1879603135\" class=\"video-js vjs-default-skin\" width=\"560\" height=\"315\" poster=\"https:\/\/offbeat-studio.de\/wp-content\/uploads\/2017\/01\/boese_wetter.jpg\" controls preload=\"auto\" data-setup='[]'>\r\n\t\t<source src=\"https:\/\/offbeat-studio.de\/video\/boesewetter.mp4\" type='video\/mp4' \/>\r\n\t\t\r\n\t\t\r\n\t<\/video>\r\n\t<!-- End Video.js -->\r\n\r\n\t\t\t<\/div>\r\n\t\t<\/div>\r\n\t\t<!-- End Video.js Responsive Wrapper -->\r\n\t\t\n<h5>B\u00d6SE WETTER<\/h5>\n\t\t\r\n\t\t<!-- Begin Video.js Responsive Wrapper -->\r\n\t\t<div style='max-width:560px'>\r\n\t\t\t<div class='video-wrapper' style='padding-bottom:56.25%;'>\r\n\t\t\t\t\r\n\t<!-- Begin Video.js -->\r\n\t<video id=\"example_video_id_1011597677\" class=\"video-js vjs-default-skin\" width=\"560\" height=\"315\" poster=\"https:\/\/offbeat-studio.de\/wp-content\/uploads\/2020\/08\/sommer.png\" controls preload=\"auto\" data-setup='{\"forceSSL\":\"true\",\"techOrder\":[\"youtube\"],\"src\":\"https:\/\/youtu.be\/9HzrvbNc1_U\"}'>\r\n\t\t\r\n\t\t\r\n\t\t\r\n\t<\/video>\r\n\t<!-- End Video.js -->\r\n\r\n\t\t\t<\/div>\r\n\t\t<\/div>\r\n\t\t<!-- End Video.js Responsive Wrapper -->\r\n\t\t\n<h5>EIN GEHEIMNISVOLLER SOMMER<\/h5>\n\t\t\r\n\t\t<!-- Begin Video.js Responsive Wrapper -->\r\n\t\t<div style='max-width:560px'>\r\n\t\t\t<div class='video-wrapper' style='padding-bottom:56.25%;'>\r\n\t\t\t\t\r\n\t<!-- Begin Video.js -->\r\n\t<video id=\"example_video_id_145031044\" class=\"video-js vjs-default-skin\" width=\"560\" height=\"315\" poster=\"https:\/\/offbeat-studio.de\/wp-content\/uploads\/2020\/08\/urteil.png\" controls preload=\"auto\" data-setup='{\"forceSSL\":\"true\",\"techOrder\":[\"youtube\"],\"src\":\"https:\/\/youtu.be\/7aMGr13AjQQ\"}'>\r\n\t\t\r\n\t\t\r\n\t\t\r\n\t<\/video>\r\n\t<!-- End Video.js -->\r\n\r\n\t\t\t<\/div>\r\n\t\t<\/div>\r\n\t\t<!-- End Video.js Responsive Wrapper -->\r\n\t\t\n<h5>Das Urteil<\/h5>\n\t\t\r\n\t\t<!-- Begin Video.js Responsive Wrapper -->\r\n\t\t<div style='max-width:560px'>\r\n\t\t\t<div class='video-wrapper' style='padding-bottom:56.25%;'>\r\n\t\t\t\t\r\n\t<!-- Begin Video.js -->\r\n\t<video id=\"example_video_id_2042900548\" class=\"video-js vjs-default-skin\" width=\"560\" height=\"315\" poster=\"https:\/\/offbeat-studio.de\/wp-content\/uploads\/2020\/08\/engel.png\" controls preload=\"auto\" data-setup='{\"forceSSL\":\"true\",\"techOrder\":[\"youtube\"],\"src\":\"https:\/\/youtu.be\/4HmbVNoQ2JA\"}'>\r\n\t\t\r\n\t\t\r\n\t\t\r\n\t<\/video>\r\n\t<!-- End Video.js -->\r\n\r\n\t\t\t<\/div>\r\n\t\t<\/div>\r\n\t\t<!-- End Video.js Responsive Wrapper -->\r\n\t\t\n<h5>EIN ENGEL SCHL\u00c4GT ZUR\u00dcCK<\/h5>\n\t\t\r\n\t\t<!-- Begin Video.js Responsive Wrapper -->\r\n\t\t<div style='max-width:560px'>\r\n\t\t\t<div class='video-wrapper' style='padding-bottom:56.25%;'>\r\n\t\t\t\t\r\n\t<!-- Begin Video.js -->\r\n\t<video id=\"example_video_id_467785100\" class=\"video-js vjs-default-skin\" width=\"560\" height=\"315\" poster=\"https:\/\/offbeat-studio.de\/wp-content\/uploads\/2020\/08\/kinder.png\" controls preload=\"auto\" data-setup='{\"forceSSL\":\"true\",\"techOrder\":[\"youtube\"],\"src\":\"https:\/\/youtu.be\/BDzw2mQgswo\"}'>\r\n\t\t\r\n\t\t\r\n\t\t\r\n\t<\/video>\r\n\t<!-- End Video.js -->\r\n\r\n\t\t\t<\/div>\r\n\t\t<\/div>\r\n\t\t<!-- End Video.js Responsive Wrapper -->\r\n\t\t\n<h5>K\u00d6NIGSKINDER<\/h5>\n\t\t\r\n\t\t<!-- Begin Video.js Responsive Wrapper -->\r\n\t\t<div style='max-width:560px'>\r\n\t\t\t<div class='video-wrapper' style='padding-bottom:56.25%;'>\r\n\t\t\t\t\r\n\t<!-- Begin Video.js -->\r\n\t<video id=\"example_video_id_381886133\" class=\"video-js vjs-default-skin\" width=\"560\" height=\"315\" poster=\"https:\/\/offbeat-studio.de\/wp-content\/uploads\/2020\/08\/harry.png\" controls preload=\"auto\" data-setup='{\"forceSSL\":\"true\",\"techOrder\":[\"youtube\"],\"src\":\"https:\/\/youtu.be\/d1hJN8IK6GE\"}'>\r\n\t\t\r\n\t\t\r\n\t\t\r\n\t<\/video>\r\n\t<!-- End Video.js -->\r\n\r\n\t\t\t<\/div>\r\n\t\t<\/div>\r\n\t\t<!-- End Video.js Responsive Wrapper -->\r\n\t\t\n<h5>HARRY NERVT<\/h5>\n\t\t\r\n\t\t<!-- Begin Video.js Responsive Wrapper -->\r\n\t\t<div style='max-width:560px'>\r\n\t\t\t<div class='video-wrapper' style='padding-bottom:56.25%;'>\r\n\t\t\t\t\r\n\t<!-- Begin Video.js -->\r\n\t<video id=\"example_video_id_971028429\" class=\"video-js vjs-default-skin\" width=\"560\" height=\"315\" poster=\"https:\/\/offbeat-studio.de\/wp-content\/uploads\/2020\/08\/flirt.png\" controls preload=\"auto\" data-setup='{\"forceSSL\":\"true\",\"techOrder\":[\"youtube\"],\"src\":\"https:\/\/youtu.be\/IqnK7pRtfNA\"}'>\r\n\t\t\r\n\t\t\r\n\t\t\r\n\t<\/video>\r\n\t<!-- End Video.js -->\r\n\r\n\t\t\t<\/div>\r\n\t\t<\/div>\r\n\t\t<!-- End Video.js Responsive Wrapper -->\r\n\t\t\n<h5>FLIRTCAMP<\/h5>\n\t\t\r\n\t\t<!-- Begin Video.js Responsive Wrapper -->\r\n\t\t<div style='max-width:560px'>\r\n\t\t\t<div class='video-wrapper' style='padding-bottom:56.25%;'>\r\n\t\t\t\t\r\n\t<!-- Begin Video.js -->\r\n\t<video id=\"example_video_id_564672654\" class=\"video-js vjs-default-skin\" width=\"560\" height=\"315\" poster=\"https:\/\/offbeat-studio.de\/wp-content\/uploads\/2020\/08\/schwestern.png\" controls preload=\"auto\" data-setup='{\"forceSSL\":\"true\",\"techOrder\":[\"youtube\"],\"src\":\"https:\/\/youtu.be\/Z0uI7DcuzQg\"}'>\r\n\t\t\r\n\t\t\r\n\t\t\r\n\t<\/video>\r\n\t<!-- End Video.js -->\r\n\r\n\t\t\t<\/div>\r\n\t\t<\/div>\r\n\t\t<!-- End Video.js Responsive Wrapper -->\r\n\t\t\n<h5>SCHWESTERN<\/h5>\n","protected":false},"excerpt":{"rendered":"<p>LEBERK\u00c4SELAND EIN OFFENER K\u00c4FIG B\u00d6SE WETTER EIN GEHEIMNISVOLLER SOMMER Das Urteil EIN ENGEL SCHL\u00c4GT ZUR\u00dcCK K\u00d6NIGSKINDER HARRY NERVT FLIRTCAMP SCHWESTERN<\/p>\n","protected":false},"author":1,"featured_media":0,"parent":2297,"menu_order":0,"comment_status":"closed","ping_status":"closed","template":"","meta":{"footnotes":""},"class_list":["post-2321","page","type-page","status-publish","hentry"],"_links":{"self":[{"href":"https:\/\/offbeat-studio.de\/en\/wp-json\/wp\/v2\/pages\/2321\/"}],"collection":[{"href":"https:\/\/offbeat-studio.de\/en\/wp-json\/wp\/v2\/pages\/"}],"about":[{"href":"https:\/\/offbeat-studio.de\/en\/wp-json\/wp\/v2\/types\/page\/"}],"author":[{"embeddable":true,"href":"https:\/\/offbeat-studio.de\/en\/wp-json\/wp\/v2\/users\/1\/"}],"replies":[{"embeddable":true,"href":"https:\/\/offbeat-studio.de\/en\/wp-json\/wp\/v2\/comments\/?post=2321"}],"version-history":[{"count":7,"href":"https:\/\/offbeat-studio.de\/en\/wp-json\/wp\/v2\/pages\/2321\/revisions\/"}],"predecessor-version":[{"id":2546,"href":"https:\/\/offbeat-studio.de\/en\/wp-json\/wp\/v2\/pages\/2321\/revisions\/2546\/"}],"up":[{"embeddable":true,"href":"https:\/\/offbeat-studio.de\/en\/wp-json\/wp\/v2\/pages\/2297\/"}],"wp:attachment":[{"href":"https:\/\/offbeat-studio.de\/en\/wp-json\/wp\/v2\/media\/?parent=2321"}],"curies":[{"name":"wp","href":"https:\/\/api.w.org\/{rel}","templated":true}]}}