{"id":2254,"date":"2015-11-20T10:55:55","date_gmt":"2015-11-20T09:55:55","guid":{"rendered":"http:\/\/offbeat-studio.de\/en\/?page_id=2254"},"modified":"2020-08-14T13:03:52","modified_gmt":"2020-08-14T11:03:52","slug":"recent-works","status":"publish","type":"page","link":"https:\/\/offbeat-studio.de\/en\/recent-works\/","title":{"rendered":"Recent Works"},"content":{"rendered":"\t\t\r\n\t\t<!-- Begin Video.js Responsive Wrapper -->\r\n\t\t<div style='max-width:560px'>\r\n\t\t\t<div class='video-wrapper' style='padding-bottom:56.25%;'>\r\n\t\t\t\t\r\n\t<!-- Begin Video.js -->\r\n\t<video id=\"example_video_id_1510540294\" class=\"video-js vjs-default-skin\" width=\"560\" height=\"315\" poster=\"https:\/\/offbeat-studio.de\/wp-content\/uploads\/2020\/08\/meer.jpg\" controls preload=\"auto\" data-setup='[]'>\r\n\t\t<source src=\"https:\/\/offbeat-studio.de\/video\/dietotenammeer.mp4\" type='video\/mp4' \/>\r\n\t\t\r\n\t\t\r\n\t<\/video>\r\n\t<!-- End Video.js -->\r\n\r\n\t\t\t<\/div>\r\n\t\t<\/div>\r\n\t\t<!-- End Video.js Responsive Wrapper -->\r\n\t\t\n<h5>DIE TOTEN AM MEER<\/h5>\n\t\t\r\n\t\t<!-- Begin Video.js Responsive Wrapper -->\r\n\t\t<div style='max-width:560px'>\r\n\t\t\t<div class='video-wrapper' style='padding-bottom:56.25%;'>\r\n\t\t\t\t\r\n\t<!-- Begin Video.js -->\r\n\t<video id=\"example_video_id_1953178572\" class=\"video-js vjs-default-skin\" width=\"560\" height=\"315\" poster=\"https:\/\/offbeat-studio.de\/wp-content\/uploads\/2020\/08\/team.jpg\" controls preload=\"auto\" data-setup='[]'>\r\n\t\t<source src=\"https:\/\/offbeat-studio.de\/video\/einstarkesteam.mp4\" type='video\/mp4' \/>\r\n\t\t\r\n\t\t\r\n\t<\/video>\r\n\t<!-- End Video.js -->\r\n\r\n\t\t\t<\/div>\r\n\t\t<\/div>\r\n\t\t<!-- End Video.js Responsive Wrapper -->\r\n\t\t\n<h5>EIN STARKES TEAM<\/h5>\n\t\t\r\n\t\t<!-- Begin Video.js Responsive Wrapper -->\r\n\t\t<div style='max-width:560px'>\r\n\t\t\t<div class='video-wrapper' style='padding-bottom:56.25%;'>\r\n\t\t\t\t\r\n\t<!-- Begin Video.js -->\r\n\t<video id=\"example_video_id_1868037205\" class=\"video-js vjs-default-skin\" width=\"560\" height=\"315\" poster=\"https:\/\/offbeat-studio.de\/wp-content\/uploads\/2020\/08\/deralte.jpg\" controls preload=\"auto\" data-setup='[]'>\r\n\t\t<source src=\"https:\/\/offbeat-studio.de\/video\/deralte.mp4\" type='video\/mp4' \/>\r\n\t\t\r\n\t\t\r\n\t<\/video>\r\n\t<!-- End Video.js -->\r\n\r\n\t\t\t<\/div>\r\n\t\t<\/div>\r\n\t\t<!-- End Video.js Responsive Wrapper -->\r\n\t\t\n<h5>DER ALTE<\/h5>\n\t\t\r\n\t\t<!-- Begin Video.js Responsive Wrapper -->\r\n\t\t<div style='max-width:560px'>\r\n\t\t\t<div class='video-wrapper' style='padding-bottom:56.25%;'>\r\n\t\t\t\t\r\n\t<!-- Begin Video.js -->\r\n\t<video id=\"example_video_id_424589463\" class=\"video-js vjs-default-skin\" width=\"560\" height=\"315\" poster=\"https:\/\/offbeat-studio.de\/wp-content\/uploads\/2018\/07\/dama.jpg\" controls preload=\"auto\" data-setup='[]'>\r\n\t\t<source src=\"https:\/\/offbeat-studio.de\/video\/damaundkra.mp4\" type='video\/mp4' \/>\r\n\t\t\r\n\t\t\r\n\t<\/video>\r\n\t<!-- End Video.js -->\r\n\r\n\t\t\t<\/div>\r\n\t\t<\/div>\r\n\t\t<!-- End Video.js Responsive Wrapper -->\r\n\t\t\n<h5>D\u00c1MA A KR\u00c1L<\/h5>\n\t\t\r\n\t\t<!-- Begin Video.js Responsive Wrapper -->\r\n\t\t<div style='max-width:560px'>\r\n\t\t\t<div class='video-wrapper' style='padding-bottom:56.25%;'>\r\n\t\t\t\t\r\n\t<!-- Begin Video.js -->\r\n\t<video id=\"example_video_id_806611546\" class=\"video-js vjs-default-skin\" width=\"560\" height=\"315\" poster=\"https:\/\/offbeat-studio.de\/wp-content\/uploads\/2018\/09\/norden.png\" controls preload=\"auto\" data-setup='[]'>\r\n\t\t<source src=\"https:\/\/offbeat-studio.de\/video\/Norden.mp4\" type='video\/mp4' \/>\r\n\t\t\r\n\t\t\r\n\t<\/video>\r\n\t<!-- End Video.js -->\r\n\r\n\t\t\t<\/div>\r\n\t\t<\/div>\r\n\t\t<!-- End Video.js Responsive Wrapper -->\r\n\t\t\n<h5>MORDEN IM NORDEN<\/h5>\n\t\t\r\n\t\t<!-- Begin Video.js Responsive Wrapper -->\r\n\t\t<div style='max-width:560px'>\r\n\t\t\t<div class='video-wrapper' style='padding-bottom:56.25%;'>\r\n\t\t\t\t\r\n\t<!-- Begin Video.js -->\r\n\t<video id=\"example_video_id_192386901\" class=\"video-js vjs-default-skin\" width=\"560\" height=\"315\" poster=\"https:\/\/offbeat-studio.de\/wp-content\/uploads\/2017\/01\/specialiste.jpg\" controls preload=\"auto\" data-setup='[]'>\r\n\t\t<source src=\"https:\/\/offbeat-studio.de\/video\/specialiste.mp4\" type='video\/mp4' \/>\r\n\t\t\r\n\t\t\r\n\t<\/video>\r\n\t<!-- End Video.js -->\r\n\r\n\t\t\t<\/div>\r\n\t\t<\/div>\r\n\t\t<!-- End Video.js Responsive Wrapper -->\r\n\t\t\n<h5>SPECIALIST\u00c9<\/h5>\n","protected":false},"excerpt":{"rendered":"<p>DIE TOTEN AM MEER EIN STARKES TEAM DER ALTE D\u00c1MA A KR\u00c1L MORDEN IM NORDEN SPECIALIST\u00c9<\/p>\n","protected":false},"author":1,"featured_media":0,"parent":0,"menu_order":0,"comment_status":"closed","ping_status":"closed","template":"","meta":{"footnotes":""},"class_list":["post-2254","page","type-page","status-publish","hentry"],"_links":{"self":[{"href":"https:\/\/offbeat-studio.de\/en\/wp-json\/wp\/v2\/pages\/2254\/"}],"collection":[{"href":"https:\/\/offbeat-studio.de\/en\/wp-json\/wp\/v2\/pages\/"}],"about":[{"href":"https:\/\/offbeat-studio.de\/en\/wp-json\/wp\/v2\/types\/page\/"}],"author":[{"embeddable":true,"href":"https:\/\/offbeat-studio.de\/en\/wp-json\/wp\/v2\/users\/1\/"}],"replies":[{"embeddable":true,"href":"https:\/\/offbeat-studio.de\/en\/wp-json\/wp\/v2\/comments\/?post=2254"}],"version-history":[{"count":11,"href":"https:\/\/offbeat-studio.de\/en\/wp-json\/wp\/v2\/pages\/2254\/revisions\/"}],"predecessor-version":[{"id":2594,"href":"https:\/\/offbeat-studio.de\/en\/wp-json\/wp\/v2\/pages\/2254\/revisions\/2594\/"}],"wp:attachment":[{"href":"https:\/\/offbeat-studio.de\/en\/wp-json\/wp\/v2\/media\/?parent=2254"}],"curies":[{"name":"wp","href":"https:\/\/api.w.org\/{rel}","templated":true}]}}